{"id":266,"date":"2021-04-08T00:37:04","date_gmt":"2021-04-07T22:37:04","guid":{"rendered":"https:\/\/majaisdance.com\/?page_id=266"},"modified":"2021-04-08T00:38:09","modified_gmt":"2021-04-07T22:38:09","slug":"polityka-prywatnosci","status":"publish","type":"page","link":"https:\/\/majaisdance.com\/en\/polityka-prywatnosci\/","title":{"rendered":"Privacy Policy"},"content":{"rendered":"<p>[et_pb_section fb_built=&#8221;1&#8243; _builder_version=&#8221;4.9.3&#8243; _module_preset=&#8221;default&#8221;][et_pb_row _builder_version=&#8221;4.9.3&#8243; _module_preset=&#8221;default&#8221;][et_pb_column _builder_version=&#8221;4.9.3&#8243; _module_preset=&#8221;default&#8221; type=&#8221;4_4&#8243;][et_pb_text _builder_version=&#8221;4.9.3&#8243; _module_preset=&#8221;default&#8221; header_font_size=&#8221;24px&#8221; header_line_height=&#8221;1.2em&#8221; hover_enabled=&#8221;0&#8243; sticky_enabled=&#8221;0&#8243;]<\/p>\n<h1><strong>Polityka prywatno\u015bci<\/strong><\/h1>\n<p>[\/et_pb_text][\/et_pb_column][\/et_pb_row][\/et_pb_section]<\/p>\n","protected":false},"excerpt":{"rendered":"<p>Privacy Policy<\/p>","protected":false},"author":1,"featured_media":0,"parent":0,"menu_order":0,"comment_status":"closed","ping_status":"closed","template":"","meta":{"_et_pb_use_builder":"on","_et_pb_old_content":"<!-- wp:divi\/placeholder \/-->","_et_gb_content_width":"","footnotes":""},"class_list":["post-266","page","type-page","status-publish","hentry"],"yoast_head":"<!-- This site is optimized with the Yoast SEO plugin v27.4 - https:\/\/yoast.com\/product\/yoast-seo-wordpress\/ -->\n<title>Polityka prywatno\u015bci - Maja International School Of Dance<\/title>\n<meta name=\"robots\" content=\"index, follow, max-snippet:-1, max-image-preview:large, max-video-preview:-1\" \/>\n<link rel=\"canonical\" href=\"https:\/\/majaisdance.com\/en\/polityka-prywatnosci\/\" \/>\n<meta property=\"og:locale\" content=\"en_GB\" \/>\n<meta property=\"og:type\" content=\"article\" \/>\n<meta property=\"og:title\" content=\"Polityka prywatno\u015bci - Maja International School Of Dance\" \/>\n<meta property=\"og:description\" content=\"Polityka prywatno\u015bci\" \/>\n<meta property=\"og:url\" content=\"https:\/\/majaisdance.com\/en\/polityka-prywatnosci\/\" \/>\n<meta property=\"og:site_name\" content=\"Maja International School Of Dance\" \/>\n<meta property=\"article:modified_time\" content=\"2021-04-07T22:38:09+00:00\" \/>\n<meta name=\"twitter:card\" content=\"summary_large_image\" \/>\n<script type=\"application\/ld+json\" class=\"yoast-schema-graph\">{\"@context\":\"https:\\\/\\\/schema.org\",\"@graph\":[{\"@type\":\"WebPage\",\"@id\":\"https:\\\/\\\/majaisdance.com\\\/polityka-prywatnosci\\\/\",\"url\":\"https:\\\/\\\/majaisdance.com\\\/polityka-prywatnosci\\\/\",\"name\":\"Polityka prywatno\u015bci - Maja International School Of Dance\",\"isPartOf\":{\"@id\":\"http:\\\/\\\/majaisdance.com\\\/#website\"},\"datePublished\":\"2021-04-07T22:37:04+00:00\",\"dateModified\":\"2021-04-07T22:38:09+00:00\",\"breadcrumb\":{\"@id\":\"https:\\\/\\\/majaisdance.com\\\/polityka-prywatnosci\\\/#breadcrumb\"},\"inLanguage\":\"en-GB\",\"potentialAction\":[{\"@type\":\"ReadAction\",\"target\":[\"https:\\\/\\\/majaisdance.com\\\/polityka-prywatnosci\\\/\"]}]},{\"@type\":\"BreadcrumbList\",\"@id\":\"https:\\\/\\\/majaisdance.com\\\/polityka-prywatnosci\\\/#breadcrumb\",\"itemListElement\":[{\"@type\":\"ListItem\",\"position\":1,\"name\":\"Strona g\u0142\u00f3wna\",\"item\":\"http:\\\/\\\/majaisdance.com\\\/\"},{\"@type\":\"ListItem\",\"position\":2,\"name\":\"Polityka prywatno\u015bci\"}]},{\"@type\":\"WebSite\",\"@id\":\"http:\\\/\\\/majaisdance.com\\\/#website\",\"url\":\"http:\\\/\\\/majaisdance.com\\\/\",\"name\":\"Maja International School Of Dance\",\"description\":\"Z mi\u0142o\u015bci do ta\u0144ca i pracy z lud\u017ami. Z pasj\u0105, do\u015bwiadczeniem i sukcesami\",\"publisher\":{\"@id\":\"http:\\\/\\\/majaisdance.com\\\/#organization\"},\"potentialAction\":[{\"@type\":\"SearchAction\",\"target\":{\"@type\":\"EntryPoint\",\"urlTemplate\":\"http:\\\/\\\/majaisdance.com\\\/?s={search_term_string}\"},\"query-input\":{\"@type\":\"PropertyValueSpecification\",\"valueRequired\":true,\"valueName\":\"search_term_string\"}}],\"inLanguage\":\"en-GB\"},{\"@type\":\"Organization\",\"@id\":\"http:\\\/\\\/majaisdance.com\\\/#organization\",\"name\":\"Maja International School Of Dance\",\"url\":\"http:\\\/\\\/majaisdance.com\\\/\",\"logo\":{\"@type\":\"ImageObject\",\"inLanguage\":\"en-GB\",\"@id\":\"http:\\\/\\\/majaisdance.com\\\/#\\\/schema\\\/logo\\\/image\\\/\",\"url\":\"https:\\\/\\\/majaisdance.com\\\/wp-content\\\/uploads\\\/2021\\\/04\\\/Logo-Szkoly-Tanca.png\",\"contentUrl\":\"https:\\\/\\\/majaisdance.com\\\/wp-content\\\/uploads\\\/2021\\\/04\\\/Logo-Szkoly-Tanca.png\",\"width\":1077,\"height\":277,\"caption\":\"Maja International School Of Dance\"},\"image\":{\"@id\":\"http:\\\/\\\/majaisdance.com\\\/#\\\/schema\\\/logo\\\/image\\\/\"}}]}<\/script>\n<!-- \/ Yoast SEO plugin. -->","yoast_head_json":{"title":"Polityka prywatno\u015bci - Maja International School Of Dance","robots":{"index":"index","follow":"follow","max-snippet":"max-snippet:-1","max-image-preview":"max-image-preview:large","max-video-preview":"max-video-preview:-1"},"canonical":"https:\/\/majaisdance.com\/en\/polityka-prywatnosci\/","og_locale":"en_GB","og_type":"article","og_title":"Polityka prywatno\u015bci - Maja International School Of Dance","og_description":"Polityka prywatno\u015bci","og_url":"https:\/\/majaisdance.com\/en\/polityka-prywatnosci\/","og_site_name":"Maja International School Of Dance","article_modified_time":"2021-04-07T22:38:09+00:00","twitter_card":"summary_large_image","schema":{"@context":"https:\/\/schema.org","@graph":[{"@type":"WebPage","@id":"https:\/\/majaisdance.com\/polityka-prywatnosci\/","url":"https:\/\/majaisdance.com\/polityka-prywatnosci\/","name":"Polityka prywatno\u015bci - Maja International School Of Dance","isPartOf":{"@id":"http:\/\/majaisdance.com\/#website"},"datePublished":"2021-04-07T22:37:04+00:00","dateModified":"2021-04-07T22:38:09+00:00","breadcrumb":{"@id":"https:\/\/majaisdance.com\/polityka-prywatnosci\/#breadcrumb"},"inLanguage":"en-GB","potentialAction":[{"@type":"ReadAction","target":["https:\/\/majaisdance.com\/polityka-prywatnosci\/"]}]},{"@type":"BreadcrumbList","@id":"https:\/\/majaisdance.com\/polityka-prywatnosci\/#breadcrumb","itemListElement":[{"@type":"ListItem","position":1,"name":"Strona g\u0142\u00f3wna","item":"http:\/\/majaisdance.com\/"},{"@type":"ListItem","position":2,"name":"Polityka prywatno\u015bci"}]},{"@type":"WebSite","@id":"http:\/\/majaisdance.com\/#website","url":"http:\/\/majaisdance.com\/","name":"Maja International School Of Dance","description":"Z mi\u0142o\u015bci do ta\u0144ca i pracy z lud\u017ami. Z pasj\u0105, do\u015bwiadczeniem i sukcesami","publisher":{"@id":"http:\/\/majaisdance.com\/#organization"},"potentialAction":[{"@type":"SearchAction","target":{"@type":"EntryPoint","urlTemplate":"http:\/\/majaisdance.com\/?s={search_term_string}"},"query-input":{"@type":"PropertyValueSpecification","valueRequired":true,"valueName":"search_term_string"}}],"inLanguage":"en-GB"},{"@type":"Organization","@id":"http:\/\/majaisdance.com\/#organization","name":"Maja International School Of Dance","url":"http:\/\/majaisdance.com\/","logo":{"@type":"ImageObject","inLanguage":"en-GB","@id":"http:\/\/majaisdance.com\/#\/schema\/logo\/image\/","url":"https:\/\/majaisdance.com\/wp-content\/uploads\/2021\/04\/Logo-Szkoly-Tanca.png","contentUrl":"https:\/\/majaisdance.com\/wp-content\/uploads\/2021\/04\/Logo-Szkoly-Tanca.png","width":1077,"height":277,"caption":"Maja International School Of Dance"},"image":{"@id":"http:\/\/majaisdance.com\/#\/schema\/logo\/image\/"}}]}},"_links":{"self":[{"href":"https:\/\/majaisdance.com\/en\/wp-json\/wp\/v2\/pages\/266","targetHints":{"allow":["GET"]}}],"collection":[{"href":"https:\/\/majaisdance.com\/en\/wp-json\/wp\/v2\/pages"}],"about":[{"href":"https:\/\/majaisdance.com\/en\/wp-json\/wp\/v2\/types\/page"}],"author":[{"embeddable":true,"href":"https:\/\/majaisdance.com\/en\/wp-json\/wp\/v2\/users\/1"}],"replies":[{"embeddable":true,"href":"https:\/\/majaisdance.com\/en\/wp-json\/wp\/v2\/comments?post=266"}],"version-history":[{"count":0,"href":"https:\/\/majaisdance.com\/en\/wp-json\/wp\/v2\/pages\/266\/revisions"}],"wp:attachment":[{"href":"https:\/\/majaisdance.com\/en\/wp-json\/wp\/v2\/media?parent=266"}],"curies":[{"name":"wp","href":"https:\/\/api.w.org\/{rel}","templated":true}]}}