{"id":23,"date":"2021-03-22T11:09:17","date_gmt":"2021-03-22T10:09:17","guid":{"rendered":"https:\/\/majaisdance.com\/?page_id=23"},"modified":"2021-08-01T23:43:24","modified_gmt":"2021-08-01T21:43:24","slug":"instruktor","status":"publish","type":"page","link":"https:\/\/majaisdance.com\/en\/instruktor\/","title":{"rendered":"Instructor"},"content":{"rendered":"<p>[et_pb_section fb_built=&#8221;1&#8243; _builder_version=&#8221;4.9.3&#8243; _module_preset=&#8221;default&#8221; background_color=&#8221;#E5E5E5&#8243; custom_padding=&#8221;8px|||||&#8221;][et_pb_row column_structure=&#8221;1_4,3_4&#8243; make_equal=&#8221;on&#8221; _builder_version=&#8221;4.9.3&#8243; _module_preset=&#8221;default&#8221; background_color=&#8221;#FFFFFF&#8221; width=&#8221;90%&#8221; custom_padding=&#8221;2%|2%|2%|2%|true|true&#8221; border_radii=&#8221;on|10px|10px|10px|10px&#8221; box_shadow_style=&#8221;preset3&#8243; box_shadow_color=&#8221;rgba(0,0,0,0.05)&#8221;][et_pb_column type=&#8221;1_4&#8243; _builder_version=&#8221;4.9.3&#8243; _module_preset=&#8221;default&#8221;][et_pb_image src=&#8221;https:\/\/majaisdance.com\/wp-content\/uploads\/2021\/04\/Maja-Pieta.jpg&#8221; title_text=&#8221;Maja Pieta&#8221; _builder_version=&#8221;4.9.3&#8243; _module_preset=&#8221;default&#8221; module_alignment=&#8221;center&#8221; border_radii=&#8221;on|10px|10px|10px|10px&#8221;][\/et_pb_image][\/et_pb_column][et_pb_column type=&#8221;3_4&#8243; _builder_version=&#8221;4.9.3&#8243; _module_preset=&#8221;default&#8221;][et_pb_text _builder_version=&#8221;4.9.4&#8243; text_font=&#8221;Source Sans Pro|700|||||||&#8221; text_font_size=&#8221;25px&#8221; text_line_height=&#8221;1.3em&#8221; header_font=&#8221;Petit Formal Script|700|||||||&#8221; header_text_align=&#8221;left&#8221; header_font_size=&#8221;2vw&#8221; header_line_height=&#8221;1.2em&#8221; header_2_font=&#8221;Petit Formal Script|700|||||||&#8221; header_2_text_align=&#8221;left&#8221; header_2_text_color=&#8221;#0993e2&#8243; header_2_letter_spacing=&#8221;1px&#8221; header_2_line_height=&#8221;1.1em&#8221; header_3_font=&#8221;|700|||||||&#8221; header_3_text_align=&#8221;left&#8221; header_3_line_height=&#8221;1.2em&#8221; header_6_font=&#8221;Petit Formal Script|700|||||||&#8221; header_6_font_size=&#8221;2vw&#8221; text_orientation=&#8221;center&#8221; custom_margin=&#8221;20px||15px||false|false&#8221; text_font_size_tablet=&#8221;&#8221; text_font_size_phone=&#8221;18px&#8221; text_font_size_last_edited=&#8221;on|phone&#8221; header_font_size_tablet=&#8221;60px&#8221; header_font_size_phone=&#8221;36px&#8221; header_font_size_last_edited=&#8221;on|phone&#8221;]<\/p>\n<h2>Instruktor<\/h2>\n<h3>Maja Pieta<\/h3>\n<p>[\/et_pb_text][et_pb_text _builder_version=&#8221;4.9.4&#8243; text_line_height=&#8221;1.8em&#8221; header_font=&#8221;Petit Formal Script|700|||||||&#8221; header_text_align=&#8221;left&#8221; header_font_size=&#8221;2vw&#8221; header_line_height=&#8221;1.2em&#8221; header_2_font=&#8221;Petit Formal Script||||||||&#8221; header_2_text_align=&#8221;center&#8221; header_2_text_color=&#8221;#0993e2&#8243; header_2_font_size=&#8221;21px&#8221; header_2_letter_spacing=&#8221;1px&#8221; header_2_line_height=&#8221;1.1em&#8221; header_3_font=&#8221;|700|||||||&#8221; header_3_text_color=&#8221;#0993e2&#8243; header_3_line_height=&#8221;1.2em&#8221; header_6_font=&#8221;Petit Formal Script|700|||||||&#8221; header_6_font_size=&#8221;2vw&#8221; custom_margin=&#8221;20px||15px||false|false&#8221; text_font_size_tablet=&#8221;&#8221; text_font_size_phone=&#8221;18px&#8221; text_font_size_last_edited=&#8221;on|phone&#8221; header_font_size_tablet=&#8221;60px&#8221; header_font_size_phone=&#8221;36px&#8221; header_font_size_last_edited=&#8221;on|phone&#8221;]<\/p>\n<p>Cz\u0142onek Federacji Ta\u0144ca Sportowego w Irlandii <strong>DFI<\/strong> (cz\u0142onek World Dance Sport Federation <strong>WDSF<\/strong>)<br \/>Nauczyciel i S\u0119dzia Ta\u0144ca Sportowego \u2013 styl\u00f3w Latynoameryka\u0144skich i Standardowych<\/p>\n<h3><\/h3>\n<h3>Kwalifikacje:<\/h3>\n<p><strong>\u00a0Taneczne Trenerskie i S\u0119dziowskie :<\/strong><\/p>\n<ul>\n<li><strong>UKA<\/strong> United Kingdom Alliance &#8211; Licentiate<\/li>\n<li><strong>DFI<\/strong> Dance Sport Federation of Ireland &#8211; License A<\/li>\n<li><strong>WDSF<\/strong> World Dance Sport Federation &#8211; License B \u00a0 \u00a0 \u00a0 \u00a0 \u00a0 \u00a0 \u00a0 \u00a0 \u00a0 \u00a0 \u00a0 \u00a0 \u00a0 \u00a0 \u00a0 \u00a0 \u00a0 \u00a0 \u00a0 \u00a0 \u00a0 \u00a0 \u00a0 \u00a0 \u00a0 \u00a0 \u00a0 \u00a0 \u00a0 \u00a0 \u00a0 \u00a0 \u00a0 \u00a0 \u00a0\u00a0<strong>\u00a0 \u00a0 \u00a0 \u00a0<\/strong><\/li>\n<\/ul>\n<p><strong>\u00a0 Fitness :<\/strong><\/p>\n<ul>\n<li><strong>ITEC<\/strong> &#8211; Level 2<\/li>\n<\/ul>\n<ul><\/ul>\n<p>[\/et_pb_text][\/et_pb_column][\/et_pb_row][\/et_pb_section]<\/p>\n","protected":false},"excerpt":{"rendered":"<p>Instruktor Maja PietaCz\u0142onek Federacji Ta\u0144ca Sportowego w Irlandii DFI (cz\u0142onek World Dance Sport Federation WDSF)Nauczyciel i S\u0119dzia Ta\u0144ca Sportowego \u2013 styl\u00f3w Latynoameryka\u0144skich i Standardowych Kwalifikacje: \u00a0Taneczne Trenerskie i S\u0119dziowskie : UKA United Kingdom Alliance &#8211; Licentiate DFI Dance Sport Federation of Ireland &#8211; License A WDSF World Dance Sport Federation &#8211; License B \u00a0 \u00a0 [&hellip;]<\/p>\n","protected":false},"author":1,"featured_media":0,"parent":0,"menu_order":0,"comment_status":"closed","ping_status":"closed","template":"","meta":{"_et_pb_use_builder":"on","_et_pb_old_content":"<!-- wp:divi\/placeholder \/-->","_et_gb_content_width":"","footnotes":""},"class_list":["post-23","page","type-page","status-publish","hentry"],"yoast_head":"<!-- This site is optimized with the Yoast SEO plugin v27.4 - https:\/\/yoast.com\/product\/yoast-seo-wordpress\/ -->\n<title>Instruktor - Maja International School Of Dance<\/title>\n<meta name=\"robots\" content=\"index, follow, max-snippet:-1, max-image-preview:large, max-video-preview:-1\" \/>\n<link rel=\"canonical\" href=\"https:\/\/majaisdance.com\/en\/instruktor\/\" \/>\n<meta property=\"og:locale\" content=\"en_GB\" \/>\n<meta property=\"og:type\" content=\"article\" \/>\n<meta property=\"og:title\" content=\"Instruktor - Maja International School Of Dance\" \/>\n<meta property=\"og:description\" content=\"Instruktor Maja PietaCz\u0142onek Federacji Ta\u0144ca Sportowego w Irlandii DFI (cz\u0142onek World Dance Sport Federation WDSF)Nauczyciel i S\u0119dzia Ta\u0144ca Sportowego \u2013 styl\u00f3w Latynoameryka\u0144skich i Standardowych Kwalifikacje: \u00a0Taneczne Trenerskie i S\u0119dziowskie : UKA United Kingdom Alliance - Licentiate DFI Dance Sport Federation of Ireland - License A WDSF World Dance Sport Federation - License B \u00a0 \u00a0 [&hellip;]\" \/>\n<meta property=\"og:url\" content=\"https:\/\/majaisdance.com\/en\/instruktor\/\" \/>\n<meta property=\"og:site_name\" content=\"Maja International School Of Dance\" \/>\n<meta property=\"article:modified_time\" content=\"2021-08-01T21:43:24+00:00\" \/>\n<meta name=\"twitter:card\" content=\"summary_large_image\" \/>\n<meta name=\"twitter:label1\" content=\"Estimated reading time\" \/>\n\t<meta name=\"twitter:data1\" content=\"2 minutes\" \/>\n<script type=\"application\/ld+json\" class=\"yoast-schema-graph\">{\"@context\":\"https:\\\/\\\/schema.org\",\"@graph\":[{\"@type\":\"WebPage\",\"@id\":\"https:\\\/\\\/majaisdance.com\\\/en\\\/instruktor\\\/\",\"url\":\"https:\\\/\\\/majaisdance.com\\\/en\\\/instruktor\\\/\",\"name\":\"Instruktor - Maja International School Of Dance\",\"isPartOf\":{\"@id\":\"http:\\\/\\\/majaisdance.com\\\/#website\"},\"datePublished\":\"2021-03-22T10:09:17+00:00\",\"dateModified\":\"2021-08-01T21:43:24+00:00\",\"breadcrumb\":{\"@id\":\"https:\\\/\\\/majaisdance.com\\\/en\\\/instruktor\\\/#breadcrumb\"},\"inLanguage\":\"en-GB\",\"potentialAction\":[{\"@type\":\"ReadAction\",\"target\":[\"https:\\\/\\\/majaisdance.com\\\/en\\\/instruktor\\\/\"]}]},{\"@type\":\"BreadcrumbList\",\"@id\":\"https:\\\/\\\/majaisdance.com\\\/en\\\/instruktor\\\/#breadcrumb\",\"itemListElement\":[{\"@type\":\"ListItem\",\"position\":1,\"name\":\"Strona g\u0142\u00f3wna\",\"item\":\"http:\\\/\\\/majaisdance.com\\\/\"},{\"@type\":\"ListItem\",\"position\":2,\"name\":\"Instruktor\"}]},{\"@type\":\"WebSite\",\"@id\":\"http:\\\/\\\/majaisdance.com\\\/#website\",\"url\":\"http:\\\/\\\/majaisdance.com\\\/\",\"name\":\"Maja International School Of Dance\",\"description\":\"Z mi\u0142o\u015bci do ta\u0144ca i pracy z lud\u017ami. Z pasj\u0105, do\u015bwiadczeniem i sukcesami\",\"publisher\":{\"@id\":\"http:\\\/\\\/majaisdance.com\\\/#organization\"},\"potentialAction\":[{\"@type\":\"SearchAction\",\"target\":{\"@type\":\"EntryPoint\",\"urlTemplate\":\"http:\\\/\\\/majaisdance.com\\\/?s={search_term_string}\"},\"query-input\":{\"@type\":\"PropertyValueSpecification\",\"valueRequired\":true,\"valueName\":\"search_term_string\"}}],\"inLanguage\":\"en-GB\"},{\"@type\":\"Organization\",\"@id\":\"http:\\\/\\\/majaisdance.com\\\/#organization\",\"name\":\"Maja International School Of Dance\",\"url\":\"http:\\\/\\\/majaisdance.com\\\/\",\"logo\":{\"@type\":\"ImageObject\",\"inLanguage\":\"en-GB\",\"@id\":\"http:\\\/\\\/majaisdance.com\\\/#\\\/schema\\\/logo\\\/image\\\/\",\"url\":\"https:\\\/\\\/majaisdance.com\\\/wp-content\\\/uploads\\\/2021\\\/04\\\/Logo-Szkoly-Tanca.png\",\"contentUrl\":\"https:\\\/\\\/majaisdance.com\\\/wp-content\\\/uploads\\\/2021\\\/04\\\/Logo-Szkoly-Tanca.png\",\"width\":1077,\"height\":277,\"caption\":\"Maja International School Of Dance\"},\"image\":{\"@id\":\"http:\\\/\\\/majaisdance.com\\\/#\\\/schema\\\/logo\\\/image\\\/\"}}]}<\/script>\n<!-- \/ Yoast SEO plugin. -->","yoast_head_json":{"title":"Instruktor - Maja International School Of Dance","robots":{"index":"index","follow":"follow","max-snippet":"max-snippet:-1","max-image-preview":"max-image-preview:large","max-video-preview":"max-video-preview:-1"},"canonical":"https:\/\/majaisdance.com\/en\/instruktor\/","og_locale":"en_GB","og_type":"article","og_title":"Instruktor - Maja International School Of Dance","og_description":"Instruktor Maja PietaCz\u0142onek Federacji Ta\u0144ca Sportowego w Irlandii DFI (cz\u0142onek World Dance Sport Federation WDSF)Nauczyciel i S\u0119dzia Ta\u0144ca Sportowego \u2013 styl\u00f3w Latynoameryka\u0144skich i Standardowych Kwalifikacje: \u00a0Taneczne Trenerskie i S\u0119dziowskie : UKA United Kingdom Alliance - Licentiate DFI Dance Sport Federation of Ireland - License A WDSF World Dance Sport Federation - License B \u00a0 \u00a0 [&hellip;]","og_url":"https:\/\/majaisdance.com\/en\/instruktor\/","og_site_name":"Maja International School Of Dance","article_modified_time":"2021-08-01T21:43:24+00:00","twitter_card":"summary_large_image","twitter_misc":{"Estimated reading time":"2 minutes"},"schema":{"@context":"https:\/\/schema.org","@graph":[{"@type":"WebPage","@id":"https:\/\/majaisdance.com\/en\/instruktor\/","url":"https:\/\/majaisdance.com\/en\/instruktor\/","name":"Instruktor - Maja International School Of Dance","isPartOf":{"@id":"http:\/\/majaisdance.com\/#website"},"datePublished":"2021-03-22T10:09:17+00:00","dateModified":"2021-08-01T21:43:24+00:00","breadcrumb":{"@id":"https:\/\/majaisdance.com\/en\/instruktor\/#breadcrumb"},"inLanguage":"en-GB","potentialAction":[{"@type":"ReadAction","target":["https:\/\/majaisdance.com\/en\/instruktor\/"]}]},{"@type":"BreadcrumbList","@id":"https:\/\/majaisdance.com\/en\/instruktor\/#breadcrumb","itemListElement":[{"@type":"ListItem","position":1,"name":"Strona g\u0142\u00f3wna","item":"http:\/\/majaisdance.com\/"},{"@type":"ListItem","position":2,"name":"Instruktor"}]},{"@type":"WebSite","@id":"http:\/\/majaisdance.com\/#website","url":"http:\/\/majaisdance.com\/","name":"Maja International School Of Dance","description":"Z mi\u0142o\u015bci do ta\u0144ca i pracy z lud\u017ami. Z pasj\u0105, do\u015bwiadczeniem i sukcesami","publisher":{"@id":"http:\/\/majaisdance.com\/#organization"},"potentialAction":[{"@type":"SearchAction","target":{"@type":"EntryPoint","urlTemplate":"http:\/\/majaisdance.com\/?s={search_term_string}"},"query-input":{"@type":"PropertyValueSpecification","valueRequired":true,"valueName":"search_term_string"}}],"inLanguage":"en-GB"},{"@type":"Organization","@id":"http:\/\/majaisdance.com\/#organization","name":"Maja International School Of Dance","url":"http:\/\/majaisdance.com\/","logo":{"@type":"ImageObject","inLanguage":"en-GB","@id":"http:\/\/majaisdance.com\/#\/schema\/logo\/image\/","url":"https:\/\/majaisdance.com\/wp-content\/uploads\/2021\/04\/Logo-Szkoly-Tanca.png","contentUrl":"https:\/\/majaisdance.com\/wp-content\/uploads\/2021\/04\/Logo-Szkoly-Tanca.png","width":1077,"height":277,"caption":"Maja International School Of Dance"},"image":{"@id":"http:\/\/majaisdance.com\/#\/schema\/logo\/image\/"}}]}},"_links":{"self":[{"href":"https:\/\/majaisdance.com\/en\/wp-json\/wp\/v2\/pages\/23","targetHints":{"allow":["GET"]}}],"collection":[{"href":"https:\/\/majaisdance.com\/en\/wp-json\/wp\/v2\/pages"}],"about":[{"href":"https:\/\/majaisdance.com\/en\/wp-json\/wp\/v2\/types\/page"}],"author":[{"embeddable":true,"href":"https:\/\/majaisdance.com\/en\/wp-json\/wp\/v2\/users\/1"}],"replies":[{"embeddable":true,"href":"https:\/\/majaisdance.com\/en\/wp-json\/wp\/v2\/comments?post=23"}],"version-history":[{"count":0,"href":"https:\/\/majaisdance.com\/en\/wp-json\/wp\/v2\/pages\/23\/revisions"}],"wp:attachment":[{"href":"https:\/\/majaisdance.com\/en\/wp-json\/wp\/v2\/media?parent=23"}],"curies":[{"name":"wp","href":"https:\/\/api.w.org\/{rel}","templated":true}]}}