{"id":19,"date":"2021-03-22T11:08:55","date_gmt":"2021-03-22T10:08:55","guid":{"rendered":"https:\/\/majaisdance.com\/?page_id=19"},"modified":"2022-12-10T10:36:38","modified_gmt":"2022-12-10T09:36:38","slug":"cennik","status":"publish","type":"page","link":"https:\/\/majaisdance.com\/en\/cennik\/","title":{"rendered":"Price List"},"content":{"rendered":"<p>[et_pb_section fb_built=&#8221;1&#8243; admin_label=&#8221;Header&#8221; _builder_version=&#8221;4.16&#8243; use_background_color_gradient=&#8221;on&#8221; background_color_gradient_stops=&#8221;rgba(0,0,0,0.19) 0%|rgba(0,0,0,0.36) 100%&#8221; background_color_gradient_overlays_image=&#8221;on&#8221; background_color_gradient_start=&#8221;rgba(0,0,0,0.19)&#8221; background_color_gradient_end=&#8221;rgba(0,0,0,0.36)&#8221; background_image=&#8221;https:\/\/majaisdance.com\/wp-content\/uploads\/2021\/03\/AdobeStock_307238537-scaled.jpeg&#8221; z_index=&#8221;10&#8243; overflow-x=&#8221;hidden&#8221; custom_padding=&#8221;||21px|||&#8221; global_colors_info=&#8221;{}&#8221;][et_pb_row _builder_version=&#8221;4.16&#8243; z_index=&#8221;10&#8243; global_colors_info=&#8221;{}&#8221;][et_pb_column type=&#8221;4_4&#8243; _builder_version=&#8221;4.16&#8243; custom_padding=&#8221;|||&#8221; global_colors_info=&#8221;{}&#8221; custom_padding__hover=&#8221;|||&#8221;][et_pb_text _builder_version=&#8221;4.16&#8243; text_font=&#8221;Source Sans Pro|700|||||||&#8221; text_text_color=&#8221;#FFFFFF&#8221; text_font_size=&#8221;22px&#8221; text_line_height=&#8221;1.8em&#8221; header_font=&#8221;Petit Formal Script|700|||||||&#8221; header_text_align=&#8221;center&#8221; header_text_color=&#8221;#FFFFFF&#8221; header_font_size=&#8221;28px&#8221; header_line_height=&#8221;1.2em&#8221; header_3_font=&#8221;Source Sans Pro|||on|||||&#8221; header_3_text_color=&#8221;#fb2d0b&#8221; header_3_font_size=&#8221;14px&#8221; header_3_letter_spacing=&#8221;1px&#8221; header_3_line_height=&#8221;1.2em&#8221; text_font_size_tablet=&#8221;&#8221; text_font_size_phone=&#8221;18px&#8221; text_font_size_last_edited=&#8221;on|phone&#8221; header_font_size_tablet=&#8221;60px&#8221; header_font_size_phone=&#8221;20px&#8221; header_font_size_last_edited=&#8221;on|phone&#8221; global_colors_info=&#8221;{}&#8221;]<\/p>\n<h1>Aktualna oferta<\/h1>\n<p>[\/et_pb_text][et_pb_text _builder_version=&#8221;4.16&#8243; text_font=&#8221;Source Sans Pro|700|||||||&#8221; text_text_color=&#8221;#FFFFFF&#8221; text_font_size=&#8221;6vw&#8221; text_line_height=&#8221;1.2em&#8221; header_font=&#8221;Berkshire Swash|700|||||||&#8221; header_text_align=&#8221;left&#8221; header_text_color=&#8221;#FFFFFF&#8221; header_font_size=&#8221;43px&#8221; header_line_height=&#8221;1.2em&#8221; header_3_font=&#8221;Source Sans Pro|||on|||||&#8221; header_3_text_color=&#8221;#fb2d0b&#8221; header_3_font_size=&#8221;14px&#8221; header_3_letter_spacing=&#8221;1px&#8221; header_3_line_height=&#8221;1.2em&#8221; text_orientation=&#8221;center&#8221; text_font_size_tablet=&#8221;&#8221; text_font_size_phone=&#8221;28px&#8221; text_font_size_last_edited=&#8221;on|phone&#8221; header_font_size_tablet=&#8221;60px&#8221; header_font_size_phone=&#8221;36px&#8221; header_font_size_last_edited=&#8221;on|phone&#8221; global_colors_info=&#8221;{}&#8221;]Cennik[\/et_pb_text][\/et_pb_column][\/et_pb_row][\/et_pb_section][et_pb_section fb_built=&#8221;1&#8243; custom_padding_last_edited=&#8221;on|phone&#8221; admin_label=&#8221;Header&#8221; _builder_version=&#8221;4.16&#8243; background_color=&#8221;#f4f4f4&#8243; z_index=&#8221;10&#8243; overflow-x=&#8221;hidden&#8221; custom_padding=&#8221;30px||21px|||&#8221; custom_padding_tablet=&#8221;&#8221; custom_padding_phone=&#8221;30px||||false|false&#8221; global_colors_info=&#8221;{}&#8221;][et_pb_row make_equal=&#8221;on&#8221; _builder_version=&#8221;4.16&#8243; background_color=&#8221;#FFFFFF&#8221; z_index=&#8221;10&#8243; width=&#8221;90%&#8221; max_width=&#8221;600px&#8221; custom_margin=&#8221;||30px||false|false&#8221; custom_padding=&#8221;2%|2%|2%|2%|true|true&#8221; border_radii=&#8221;on|10px|10px|10px|10px&#8221; box_shadow_style=&#8221;preset3&#8243; box_shadow_color=&#8221;rgba(0,0,0,0.05)&#8221; global_colors_info=&#8221;{}&#8221;][et_pb_column type=&#8221;4_4&#8243; _builder_version=&#8221;4.16&#8243; background_enable_color=&#8221;off&#8221; custom_padding=&#8221;15px|15px|35px|15px|false|true&#8221; global_colors_info=&#8221;{}&#8221; custom_padding__hover=&#8221;|||&#8221;][et_pb_text _builder_version=&#8221;4.19.2&#8243; _module_preset=&#8221;default&#8221; hover_enabled=&#8221;0&#8243; global_colors_info=&#8221;{}&#8221; sticky_enabled=&#8221;0&#8243;]<\/p>\n<p><strong>Lekcje Indywidualne &#8211; do dw\u00f3ch os\u00f3b:<\/strong><\/p>\n<p><span style=\"color: #00ccff;\"><strong>Stacjonarne<\/strong><\/span> 1 x 45 MIN &#8211; 120 Z\u0141<\/p>\n<p>[\/et_pb_text][et_pb_text _builder_version=&#8221;4.19.2&#8243; _module_preset=&#8221;default&#8221; hover_enabled=&#8221;0&#8243; global_colors_info=&#8221;{}&#8221; sticky_enabled=&#8221;0&#8243;]<\/p>\n<ul>\n<li>\u00a0<strong>Wedding Package<\/strong> 8 x 45 MIN &#8211; 900 Z\u0141<\/li>\n<li><strong>\u00a0Loyalty Package<\/strong>\u00a0 11 x 45 MIN &#8211; 1100 Z\u0141<\/li>\n<\/ul>\n<p><strong>Pro Am<\/strong> 1 x 45 MIN &#8211; 140 Z\u0141<\/p>\n<ul>\n<li><strong>Pro Am Package<\/strong>\u00a0 5 x 45 MIN &#8211; 650 Z\u0141<\/li>\n<\/ul>\n<p><span style=\"color: #00ccff;\"><strong>Z dojazdem do klienta<\/strong><\/span> 1 x 55 MIN &#8211; 190 Z\u0141<\/p>\n<ul>\n<li><strong>Home Package\u00a0<\/strong> 5 x 55 MIN &#8211; 900 Z\u0141<\/li>\n<\/ul>\n<p><span style=\"color: #00ccff;\"><strong>Lekcje Online<\/strong><\/span> 1 x 45 MIN &#8211; 60 Z\u0141<\/p>\n<ul>\n<li><strong>Online Package<\/strong> 5 x 45 MIN &#8211; 250 Z\u0141<\/li>\n<\/ul>\n<p>* Powy\u017cej dw\u00f3ch os\u00f3b \/ grupy \u2013 ceny ustalane indywidualnie<\/p>\n<p>[\/et_pb_text][\/et_pb_column][\/et_pb_row][et_pb_row make_equal=&#8221;on&#8221; _builder_version=&#8221;4.16&#8243; background_color=&#8221;#FFFFFF&#8221; z_index=&#8221;10&#8243; width=&#8221;90%&#8221; max_width=&#8221;600px&#8221; custom_margin=&#8221;||30px||false|false&#8221; custom_padding=&#8221;2%|2%|2%|2%|true|true&#8221; border_radii=&#8221;on|10px|10px|10px|10px&#8221; box_shadow_style=&#8221;preset3&#8243; box_shadow_color=&#8221;rgba(0,0,0,0.05)&#8221; global_colors_info=&#8221;{}&#8221;][et_pb_column type=&#8221;4_4&#8243; _builder_version=&#8221;4.16&#8243; background_enable_color=&#8221;off&#8221; custom_padding=&#8221;15px|15px|35px|15px|false|true&#8221; global_colors_info=&#8221;{}&#8221; custom_padding__hover=&#8221;|||&#8221;][et_pb_text _builder_version=&#8221;4.16&#8243; _module_preset=&#8221;default&#8221; global_colors_info=&#8221;{}&#8221;]<\/p>\n<p><strong>Irlandia:<\/strong><\/p>\n<p><strong>Lekcje Indywidualne &#8211; do dw\u00f3ch os\u00f3b:<\/strong><\/p>\n<p><span style=\"color: #00ccff;\"><strong>Stacjonarne<\/strong><\/span> 1 x 45 MIN &#8211; 45 \u20ac<\/p>\n<ul>\n<li><strong>Loyalty Package<\/strong>\u00a0 4 x 45 MIN &#8211; 160 \u20ac<\/li>\n<\/ul>\n<p><span style=\"color: #00ccff;\"><strong>Lekcje Online<\/strong><\/span> 1 x 45 MIN &#8211; 25 \u20ac<\/p>\n<ul>\n<li><strong>Online Package<\/strong> 5 x 45 MIN &#8211; 95 \u20ac<\/li>\n<\/ul>\n<p>*Powy\u017cej dw\u00f3ch os\u00f3b \/ grupy \u2013 ceny ustalane indywidualnie<\/p>\n<p>[\/et_pb_text][\/et_pb_column][\/et_pb_row][et_pb_row make_equal=&#8221;on&#8221; _builder_version=&#8221;4.16&#8243; background_color=&#8221;#FFFFFF&#8221; z_index=&#8221;10&#8243; width=&#8221;90%&#8221; max_width=&#8221;600px&#8221; custom_margin=&#8221;||30px||false|false&#8221; custom_padding=&#8221;2%|2%|2%|2%|true|true&#8221; border_radii=&#8221;on|10px|10px|10px|10px&#8221; box_shadow_style=&#8221;preset3&#8243; box_shadow_color=&#8221;rgba(0,0,0,0.05)&#8221; global_colors_info=&#8221;{}&#8221;][et_pb_column type=&#8221;4_4&#8243; _builder_version=&#8221;4.16&#8243; background_enable_color=&#8221;off&#8221; custom_padding=&#8221;15px|15px|35px|15px|false|true&#8221; global_colors_info=&#8221;{}&#8221; custom_padding__hover=&#8221;|||&#8221;][et_pb_text _builder_version=&#8221;4.16&#8243; _module_preset=&#8221;default&#8221; global_colors_info=&#8221;{}&#8221;]<\/p>\n<p><strong>Kursy <span style=\"color: #00ccff;\">Stacjonarne<\/span>:<\/strong><\/p>\n<p><strong>Taniec Towarzyski \/ Discofox \/<\/strong><br \/><strong>Adults Club Taniec Sportowy<\/strong><\/p>\n<p>1 x 60 MIN 30 Z\u0141 os\u00a0 |\u00a0 4 x 60 MIN 100 Z\u0141 os<\/p>\n<p><strong>Latin Dance Ladies \/ Fitness<\/strong><\/p>\n<p>1 x 45 MIN 25 Z\u0141 os\u00a0 |\u00a0 4 x 45 MIN 80 Z\u0141 os<\/p>\n<p><strong>Kids Club Taniec Sportowy<\/strong><\/p>\n<p>1 x 45 MIN 25 Z\u0141 os\u00a0 |\u00a0 4 x 45 MIN 80 Z\u0141 os<\/p>\n<p>[\/et_pb_text][\/et_pb_column][\/et_pb_row][et_pb_row make_equal=&#8221;on&#8221; _builder_version=&#8221;4.16&#8243; background_color=&#8221;#FFFFFF&#8221; z_index=&#8221;10&#8243; width=&#8221;90%&#8221; max_width=&#8221;600px&#8221; custom_margin=&#8221;||30px||false|false&#8221; custom_padding=&#8221;2%|2%|2%|2%|true|true&#8221; border_radii=&#8221;on|10px|10px|10px|10px&#8221; box_shadow_style=&#8221;preset3&#8243; box_shadow_color=&#8221;rgba(0,0,0,0.05)&#8221; global_colors_info=&#8221;{}&#8221;][et_pb_column type=&#8221;4_4&#8243; _builder_version=&#8221;4.16&#8243; background_enable_color=&#8221;off&#8221; custom_padding=&#8221;15px|15px|35px|15px|false|true&#8221; global_colors_info=&#8221;{}&#8221; custom_padding__hover=&#8221;|||&#8221;][et_pb_text _builder_version=&#8221;4.16&#8243; _module_preset=&#8221;default&#8221; global_colors_info=&#8221;{}&#8221;]<\/p>\n<p><strong>Fitness <span style=\"color: #00ccff;\">Outdoors <\/span><\/strong><\/p>\n<p>ceny ustalane indywidualnie<\/p>\n<p>[\/et_pb_text][\/et_pb_column][\/et_pb_row][\/et_pb_section]<\/p>\n","protected":false},"excerpt":{"rendered":"<p>Aktualna ofertaCennikLekcje Indywidualne &#8211; do dw\u00f3ch os\u00f3b: Stacjonarne 1 x 45 MIN &#8211; 120 Z\u0141 \u00a0Wedding Package 8 x 45 MIN &#8211; 900 Z\u0141 \u00a0Loyalty Package\u00a0 11 x 45 MIN &#8211; 1100 Z\u0141 Pro Am 1 x 45 MIN &#8211; 140 Z\u0141 Pro Am Package\u00a0 5 x 45 MIN &#8211; 650 Z\u0141 Z dojazdem do [&hellip;]<\/p>\n","protected":false},"author":1,"featured_media":0,"parent":0,"menu_order":0,"comment_status":"closed","ping_status":"closed","template":"","meta":{"_et_pb_use_builder":"on","_et_pb_old_content":"<!-- wp:divi\/placeholder \/-->","_et_gb_content_width":"","footnotes":""},"class_list":["post-19","page","type-page","status-publish","hentry"],"yoast_head":"<!-- This site is optimized with the Yoast SEO plugin v27.4 - https:\/\/yoast.com\/product\/yoast-seo-wordpress\/ -->\n<title>Cennik - Maja International School Of Dance<\/title>\n<meta name=\"robots\" content=\"index, follow, max-snippet:-1, max-image-preview:large, max-video-preview:-1\" \/>\n<link rel=\"canonical\" href=\"http:\/\/majaisdance.com\/en\/cennik\/\" \/>\n<meta property=\"og:locale\" content=\"en_GB\" \/>\n<meta property=\"og:type\" content=\"article\" \/>\n<meta property=\"og:title\" content=\"Cennik - Maja International School Of Dance\" \/>\n<meta property=\"og:description\" content=\"Aktualna ofertaCennikLekcje Indywidualne - do dw\u00f3ch os\u00f3b: Stacjonarne 1 x 45 MIN - 120 Z\u0141 \u00a0Wedding Package 8 x 45 MIN - 900 Z\u0141 \u00a0Loyalty Package\u00a0 11 x 45 MIN - 1100 Z\u0141 Pro Am 1 x 45 MIN - 140 Z\u0141 Pro Am Package\u00a0 5 x 45 MIN - 650 Z\u0141 Z dojazdem do [&hellip;]\" \/>\n<meta property=\"og:url\" content=\"http:\/\/majaisdance.com\/en\/cennik\/\" \/>\n<meta property=\"og:site_name\" content=\"Maja International School Of Dance\" \/>\n<meta property=\"article:modified_time\" content=\"2022-12-10T09:36:38+00:00\" \/>\n<meta name=\"twitter:card\" content=\"summary_large_image\" \/>\n<meta name=\"twitter:label1\" content=\"Estimated reading time\" \/>\n\t<meta name=\"twitter:data1\" content=\"4 minutes\" \/>\n<script type=\"application\/ld+json\" class=\"yoast-schema-graph\">{\"@context\":\"https:\\\/\\\/schema.org\",\"@graph\":[{\"@type\":\"WebPage\",\"@id\":\"http:\\\/\\\/majaisdance.com\\\/en\\\/cennik\\\/\",\"url\":\"http:\\\/\\\/majaisdance.com\\\/en\\\/cennik\\\/\",\"name\":\"Cennik - Maja International School Of Dance\",\"isPartOf\":{\"@id\":\"http:\\\/\\\/majaisdance.com\\\/#website\"},\"datePublished\":\"2021-03-22T10:08:55+00:00\",\"dateModified\":\"2022-12-10T09:36:38+00:00\",\"breadcrumb\":{\"@id\":\"http:\\\/\\\/majaisdance.com\\\/en\\\/cennik\\\/#breadcrumb\"},\"inLanguage\":\"en-GB\",\"potentialAction\":[{\"@type\":\"ReadAction\",\"target\":[\"http:\\\/\\\/majaisdance.com\\\/en\\\/cennik\\\/\"]}]},{\"@type\":\"BreadcrumbList\",\"@id\":\"http:\\\/\\\/majaisdance.com\\\/en\\\/cennik\\\/#breadcrumb\",\"itemListElement\":[{\"@type\":\"ListItem\",\"position\":1,\"name\":\"Strona g\u0142\u00f3wna\",\"item\":\"http:\\\/\\\/majaisdance.com\\\/\"},{\"@type\":\"ListItem\",\"position\":2,\"name\":\"Cennik\"}]},{\"@type\":\"WebSite\",\"@id\":\"http:\\\/\\\/majaisdance.com\\\/#website\",\"url\":\"http:\\\/\\\/majaisdance.com\\\/\",\"name\":\"Maja International School Of Dance\",\"description\":\"Z mi\u0142o\u015bci do ta\u0144ca i pracy z lud\u017ami. Z pasj\u0105, do\u015bwiadczeniem i sukcesami\",\"publisher\":{\"@id\":\"http:\\\/\\\/majaisdance.com\\\/#organization\"},\"potentialAction\":[{\"@type\":\"SearchAction\",\"target\":{\"@type\":\"EntryPoint\",\"urlTemplate\":\"http:\\\/\\\/majaisdance.com\\\/?s={search_term_string}\"},\"query-input\":{\"@type\":\"PropertyValueSpecification\",\"valueRequired\":true,\"valueName\":\"search_term_string\"}}],\"inLanguage\":\"en-GB\"},{\"@type\":\"Organization\",\"@id\":\"http:\\\/\\\/majaisdance.com\\\/#organization\",\"name\":\"Maja International School Of Dance\",\"url\":\"http:\\\/\\\/majaisdance.com\\\/\",\"logo\":{\"@type\":\"ImageObject\",\"inLanguage\":\"en-GB\",\"@id\":\"http:\\\/\\\/majaisdance.com\\\/#\\\/schema\\\/logo\\\/image\\\/\",\"url\":\"https:\\\/\\\/majaisdance.com\\\/wp-content\\\/uploads\\\/2021\\\/04\\\/Logo-Szkoly-Tanca.png\",\"contentUrl\":\"https:\\\/\\\/majaisdance.com\\\/wp-content\\\/uploads\\\/2021\\\/04\\\/Logo-Szkoly-Tanca.png\",\"width\":1077,\"height\":277,\"caption\":\"Maja International School Of Dance\"},\"image\":{\"@id\":\"http:\\\/\\\/majaisdance.com\\\/#\\\/schema\\\/logo\\\/image\\\/\"}}]}<\/script>\n<!-- \/ Yoast SEO plugin. -->","yoast_head_json":{"title":"Cennik - Maja International School Of Dance","robots":{"index":"index","follow":"follow","max-snippet":"max-snippet:-1","max-image-preview":"max-image-preview:large","max-video-preview":"max-video-preview:-1"},"canonical":"http:\/\/majaisdance.com\/en\/cennik\/","og_locale":"en_GB","og_type":"article","og_title":"Cennik - Maja International School Of Dance","og_description":"Aktualna ofertaCennikLekcje Indywidualne - do dw\u00f3ch os\u00f3b: Stacjonarne 1 x 45 MIN - 120 Z\u0141 \u00a0Wedding Package 8 x 45 MIN - 900 Z\u0141 \u00a0Loyalty Package\u00a0 11 x 45 MIN - 1100 Z\u0141 Pro Am 1 x 45 MIN - 140 Z\u0141 Pro Am Package\u00a0 5 x 45 MIN - 650 Z\u0141 Z dojazdem do [&hellip;]","og_url":"http:\/\/majaisdance.com\/en\/cennik\/","og_site_name":"Maja International School Of Dance","article_modified_time":"2022-12-10T09:36:38+00:00","twitter_card":"summary_large_image","twitter_misc":{"Estimated reading time":"4 minutes"},"schema":{"@context":"https:\/\/schema.org","@graph":[{"@type":"WebPage","@id":"http:\/\/majaisdance.com\/en\/cennik\/","url":"http:\/\/majaisdance.com\/en\/cennik\/","name":"Cennik - Maja International School Of Dance","isPartOf":{"@id":"http:\/\/majaisdance.com\/#website"},"datePublished":"2021-03-22T10:08:55+00:00","dateModified":"2022-12-10T09:36:38+00:00","breadcrumb":{"@id":"http:\/\/majaisdance.com\/en\/cennik\/#breadcrumb"},"inLanguage":"en-GB","potentialAction":[{"@type":"ReadAction","target":["http:\/\/majaisdance.com\/en\/cennik\/"]}]},{"@type":"BreadcrumbList","@id":"http:\/\/majaisdance.com\/en\/cennik\/#breadcrumb","itemListElement":[{"@type":"ListItem","position":1,"name":"Strona g\u0142\u00f3wna","item":"http:\/\/majaisdance.com\/"},{"@type":"ListItem","position":2,"name":"Cennik"}]},{"@type":"WebSite","@id":"http:\/\/majaisdance.com\/#website","url":"http:\/\/majaisdance.com\/","name":"Maja International School Of Dance","description":"Z mi\u0142o\u015bci do ta\u0144ca i pracy z lud\u017ami. Z pasj\u0105, do\u015bwiadczeniem i sukcesami","publisher":{"@id":"http:\/\/majaisdance.com\/#organization"},"potentialAction":[{"@type":"SearchAction","target":{"@type":"EntryPoint","urlTemplate":"http:\/\/majaisdance.com\/?s={search_term_string}"},"query-input":{"@type":"PropertyValueSpecification","valueRequired":true,"valueName":"search_term_string"}}],"inLanguage":"en-GB"},{"@type":"Organization","@id":"http:\/\/majaisdance.com\/#organization","name":"Maja International School Of Dance","url":"http:\/\/majaisdance.com\/","logo":{"@type":"ImageObject","inLanguage":"en-GB","@id":"http:\/\/majaisdance.com\/#\/schema\/logo\/image\/","url":"https:\/\/majaisdance.com\/wp-content\/uploads\/2021\/04\/Logo-Szkoly-Tanca.png","contentUrl":"https:\/\/majaisdance.com\/wp-content\/uploads\/2021\/04\/Logo-Szkoly-Tanca.png","width":1077,"height":277,"caption":"Maja International School Of Dance"},"image":{"@id":"http:\/\/majaisdance.com\/#\/schema\/logo\/image\/"}}]}},"_links":{"self":[{"href":"https:\/\/majaisdance.com\/en\/wp-json\/wp\/v2\/pages\/19","targetHints":{"allow":["GET"]}}],"collection":[{"href":"https:\/\/majaisdance.com\/en\/wp-json\/wp\/v2\/pages"}],"about":[{"href":"https:\/\/majaisdance.com\/en\/wp-json\/wp\/v2\/types\/page"}],"author":[{"embeddable":true,"href":"https:\/\/majaisdance.com\/en\/wp-json\/wp\/v2\/users\/1"}],"replies":[{"embeddable":true,"href":"https:\/\/majaisdance.com\/en\/wp-json\/wp\/v2\/comments?post=19"}],"version-history":[{"count":1,"href":"https:\/\/majaisdance.com\/en\/wp-json\/wp\/v2\/pages\/19\/revisions"}],"predecessor-version":[{"id":855,"href":"https:\/\/majaisdance.com\/en\/wp-json\/wp\/v2\/pages\/19\/revisions\/855"}],"wp:attachment":[{"href":"https:\/\/majaisdance.com\/en\/wp-json\/wp\/v2\/media?parent=19"}],"curies":[{"name":"wp","href":"https:\/\/api.w.org\/{rel}","templated":true}]}}