{"id":17,"date":"2021-03-22T11:07:52","date_gmt":"2021-03-22T10:07:52","guid":{"rendered":"https:\/\/majaisdance.com\/?page_id=17"},"modified":"2021-09-20T00:04:29","modified_gmt":"2021-09-19T22:04:29","slug":"galeria","status":"publish","type":"page","link":"https:\/\/majaisdance.com\/en\/galeria\/","title":{"rendered":"Gallery"},"content":{"rendered":"<p>[et_pb_section fb_built=&#8221;1&#8243; _builder_version=&#8221;4.9.3&#8243; _module_preset=&#8221;default&#8221; global_colors_info=&#8221;{}&#8221;][et_pb_row use_custom_gutter=&#8221;on&#8221; gutter_width=&#8221;1&#8243; _builder_version=&#8221;4.9.3&#8243; _module_preset=&#8221;default&#8221; custom_margin=&#8221;0px||0px||false|false&#8221; custom_padding=&#8221;0px||0px||false|false&#8221; global_colors_info=&#8221;{}&#8221;][et_pb_column type=&#8221;4_4&#8243; _builder_version=&#8221;4.9.3&#8243; _module_preset=&#8221;default&#8221; global_colors_info=&#8221;{}&#8221;][et_pb_gallery gallery_ids=&#8221;500,501,502,504,505,506,507,508,509,510,511,512,513,514,515,516,517,518&#8243; posts_number=&#8221;16&#8243; show_title_and_caption=&#8221;off&#8221; show_pagination=&#8221;off&#8221; hover_overlay_color=&#8221;rgba(0,0,0,0.54)&#8221; hover_icon=&#8221;%%186%%&#8221; _builder_version=&#8221;4.10.7&#8243; _module_preset=&#8221;default&#8221; hover_enabled=&#8221;0&#8243; global_colors_info=&#8221;{}&#8221; sticky_enabled=&#8221;0&#8243;][\/et_pb_gallery][\/et_pb_column][\/et_pb_row][\/et_pb_section]<\/p>\n","protected":false},"excerpt":{"rendered":"","protected":false},"author":1,"featured_media":0,"parent":0,"menu_order":0,"comment_status":"closed","ping_status":"closed","template":"","meta":{"_et_pb_use_builder":"on","_et_pb_old_content":"<!-- wp:divi\/placeholder \/-->","_et_gb_content_width":"","footnotes":""},"class_list":["post-17","page","type-page","status-publish","hentry"],"yoast_head":"<!-- This site is optimized with the Yoast SEO plugin v27.4 - https:\/\/yoast.com\/product\/yoast-seo-wordpress\/ -->\n<title>Galeria - Maja International School Of Dance<\/title>\n<meta name=\"robots\" content=\"index, follow, max-snippet:-1, max-image-preview:large, max-video-preview:-1\" \/>\n<link rel=\"canonical\" href=\"http:\/\/majaisdance.com\/en\/galeria\/\" \/>\n<meta property=\"og:locale\" content=\"en_GB\" \/>\n<meta property=\"og:type\" content=\"article\" \/>\n<meta property=\"og:title\" content=\"Galeria - Maja International School Of Dance\" \/>\n<meta property=\"og:url\" content=\"http:\/\/majaisdance.com\/en\/galeria\/\" \/>\n<meta property=\"og:site_name\" content=\"Maja International School Of Dance\" \/>\n<meta property=\"article:modified_time\" content=\"2021-09-19T22:04:29+00:00\" \/>\n<meta name=\"twitter:card\" content=\"summary_large_image\" \/>\n<script type=\"application\/ld+json\" class=\"yoast-schema-graph\">{\"@context\":\"https:\\\/\\\/schema.org\",\"@graph\":[{\"@type\":\"WebPage\",\"@id\":\"http:\\\/\\\/majaisdance.com\\\/galeria\\\/\",\"url\":\"http:\\\/\\\/majaisdance.com\\\/galeria\\\/\",\"name\":\"Galeria - Maja International School Of Dance\",\"isPartOf\":{\"@id\":\"http:\\\/\\\/majaisdance.com\\\/#website\"},\"datePublished\":\"2021-03-22T10:07:52+00:00\",\"dateModified\":\"2021-09-19T22:04:29+00:00\",\"breadcrumb\":{\"@id\":\"http:\\\/\\\/majaisdance.com\\\/galeria\\\/#breadcrumb\"},\"inLanguage\":\"en-GB\",\"potentialAction\":[{\"@type\":\"ReadAction\",\"target\":[\"http:\\\/\\\/majaisdance.com\\\/galeria\\\/\"]}]},{\"@type\":\"BreadcrumbList\",\"@id\":\"http:\\\/\\\/majaisdance.com\\\/galeria\\\/#breadcrumb\",\"itemListElement\":[{\"@type\":\"ListItem\",\"position\":1,\"name\":\"Strona g\u0142\u00f3wna\",\"item\":\"http:\\\/\\\/majaisdance.com\\\/\"},{\"@type\":\"ListItem\",\"position\":2,\"name\":\"Galeria\"}]},{\"@type\":\"WebSite\",\"@id\":\"http:\\\/\\\/majaisdance.com\\\/#website\",\"url\":\"http:\\\/\\\/majaisdance.com\\\/\",\"name\":\"Maja International School Of Dance\",\"description\":\"Z mi\u0142o\u015bci do ta\u0144ca i pracy z lud\u017ami. Z pasj\u0105, do\u015bwiadczeniem i sukcesami\",\"publisher\":{\"@id\":\"http:\\\/\\\/majaisdance.com\\\/#organization\"},\"potentialAction\":[{\"@type\":\"SearchAction\",\"target\":{\"@type\":\"EntryPoint\",\"urlTemplate\":\"http:\\\/\\\/majaisdance.com\\\/?s={search_term_string}\"},\"query-input\":{\"@type\":\"PropertyValueSpecification\",\"valueRequired\":true,\"valueName\":\"search_term_string\"}}],\"inLanguage\":\"en-GB\"},{\"@type\":\"Organization\",\"@id\":\"http:\\\/\\\/majaisdance.com\\\/#organization\",\"name\":\"Maja International School Of Dance\",\"url\":\"http:\\\/\\\/majaisdance.com\\\/\",\"logo\":{\"@type\":\"ImageObject\",\"inLanguage\":\"en-GB\",\"@id\":\"http:\\\/\\\/majaisdance.com\\\/#\\\/schema\\\/logo\\\/image\\\/\",\"url\":\"https:\\\/\\\/majaisdance.com\\\/wp-content\\\/uploads\\\/2021\\\/04\\\/Logo-Szkoly-Tanca.png\",\"contentUrl\":\"https:\\\/\\\/majaisdance.com\\\/wp-content\\\/uploads\\\/2021\\\/04\\\/Logo-Szkoly-Tanca.png\",\"width\":1077,\"height\":277,\"caption\":\"Maja International School Of Dance\"},\"image\":{\"@id\":\"http:\\\/\\\/majaisdance.com\\\/#\\\/schema\\\/logo\\\/image\\\/\"}}]}<\/script>\n<!-- \/ Yoast SEO plugin. -->","yoast_head_json":{"title":"Galeria - Maja International School Of Dance","robots":{"index":"index","follow":"follow","max-snippet":"max-snippet:-1","max-image-preview":"max-image-preview:large","max-video-preview":"max-video-preview:-1"},"canonical":"http:\/\/majaisdance.com\/en\/galeria\/","og_locale":"en_GB","og_type":"article","og_title":"Galeria - Maja International School Of Dance","og_url":"http:\/\/majaisdance.com\/en\/galeria\/","og_site_name":"Maja International School Of Dance","article_modified_time":"2021-09-19T22:04:29+00:00","twitter_card":"summary_large_image","schema":{"@context":"https:\/\/schema.org","@graph":[{"@type":"WebPage","@id":"http:\/\/majaisdance.com\/galeria\/","url":"http:\/\/majaisdance.com\/galeria\/","name":"Galeria - Maja International School Of Dance","isPartOf":{"@id":"http:\/\/majaisdance.com\/#website"},"datePublished":"2021-03-22T10:07:52+00:00","dateModified":"2021-09-19T22:04:29+00:00","breadcrumb":{"@id":"http:\/\/majaisdance.com\/galeria\/#breadcrumb"},"inLanguage":"en-GB","potentialAction":[{"@type":"ReadAction","target":["http:\/\/majaisdance.com\/galeria\/"]}]},{"@type":"BreadcrumbList","@id":"http:\/\/majaisdance.com\/galeria\/#breadcrumb","itemListElement":[{"@type":"ListItem","position":1,"name":"Strona g\u0142\u00f3wna","item":"http:\/\/majaisdance.com\/"},{"@type":"ListItem","position":2,"name":"Galeria"}]},{"@type":"WebSite","@id":"http:\/\/majaisdance.com\/#website","url":"http:\/\/majaisdance.com\/","name":"Maja International School Of Dance","description":"Z mi\u0142o\u015bci do ta\u0144ca i pracy z lud\u017ami. Z pasj\u0105, do\u015bwiadczeniem i sukcesami","publisher":{"@id":"http:\/\/majaisdance.com\/#organization"},"potentialAction":[{"@type":"SearchAction","target":{"@type":"EntryPoint","urlTemplate":"http:\/\/majaisdance.com\/?s={search_term_string}"},"query-input":{"@type":"PropertyValueSpecification","valueRequired":true,"valueName":"search_term_string"}}],"inLanguage":"en-GB"},{"@type":"Organization","@id":"http:\/\/majaisdance.com\/#organization","name":"Maja International School Of Dance","url":"http:\/\/majaisdance.com\/","logo":{"@type":"ImageObject","inLanguage":"en-GB","@id":"http:\/\/majaisdance.com\/#\/schema\/logo\/image\/","url":"https:\/\/majaisdance.com\/wp-content\/uploads\/2021\/04\/Logo-Szkoly-Tanca.png","contentUrl":"https:\/\/majaisdance.com\/wp-content\/uploads\/2021\/04\/Logo-Szkoly-Tanca.png","width":1077,"height":277,"caption":"Maja International School Of Dance"},"image":{"@id":"http:\/\/majaisdance.com\/#\/schema\/logo\/image\/"}}]}},"_links":{"self":[{"href":"https:\/\/majaisdance.com\/en\/wp-json\/wp\/v2\/pages\/17","targetHints":{"allow":["GET"]}}],"collection":[{"href":"https:\/\/majaisdance.com\/en\/wp-json\/wp\/v2\/pages"}],"about":[{"href":"https:\/\/majaisdance.com\/en\/wp-json\/wp\/v2\/types\/page"}],"author":[{"embeddable":true,"href":"https:\/\/majaisdance.com\/en\/wp-json\/wp\/v2\/users\/1"}],"replies":[{"embeddable":true,"href":"https:\/\/majaisdance.com\/en\/wp-json\/wp\/v2\/comments?post=17"}],"version-history":[{"count":0,"href":"https:\/\/majaisdance.com\/en\/wp-json\/wp\/v2\/pages\/17\/revisions"}],"wp:attachment":[{"href":"https:\/\/majaisdance.com\/en\/wp-json\/wp\/v2\/media?parent=17"}],"curies":[{"name":"wp","href":"https:\/\/api.w.org\/{rel}","templated":true}]}}